{"id":4886,"date":"2025-04-01T15:54:25","date_gmt":"2025-04-01T22:54:25","guid":{"rendered":"https:\/\/www.smilecenterforkids.com\/servicios-dentales\/endodoncias-infantiles\/"},"modified":"2025-06-03T12:50:39","modified_gmt":"2025-06-03T19:50:39","slug":"endodoncias-infantiles","status":"publish","type":"page","link":"https:\/\/www.smilecenterforkids.com\/es\/servicios-dentales\/endodoncias-infantiles\/","title":{"rendered":"Endodoncias infantiles"},"content":{"rendered":"\t\t<div data-elementor-type=\"wp-page\" data-elementor-id=\"4886\" class=\"elementor elementor-4886 elementor-61\" data-elementor-post-type=\"page\">\n\t\t\t\t<div class=\"elementor-element elementor-element-4d84fb00 e-flex e-con-boxed e-con e-parent\" data-id=\"4d84fb00\" data-element_type=\"container\" data-e-type=\"container\" data-settings=\"{&quot;background_background&quot;:&quot;gradient&quot;,&quot;ekit_has_onepagescroll_dot&quot;:&quot;yes&quot;}\">\n\t\t\t\t\t<div class=\"e-con-inner\">\n\t\t\t\t<div class=\"elementor-element elementor-element-2ce11c7d elementor-widget elementor-widget-heading\" data-id=\"2ce11c7d\" data-element_type=\"widget\" data-e-type=\"widget\" data-settings=\"{&quot;ekit_we_effect_on&quot;:&quot;none&quot;}\" data-widget_type=\"heading.default\">\n\t\t\t\t<div class=\"elementor-widget-container\">\n\t\t\t\t\t<h1 class=\"elementor-heading-title elementor-size-default\">Endodoncias infantiles<\/h1>\t\t\t\t<\/div>\n\t\t\t\t<\/div>\n\t\t\t\t<div class=\"elementor-element elementor-element-6c1b6937 elementor-widget-divider--view-line elementor-widget elementor-widget-divider\" data-id=\"6c1b6937\" data-element_type=\"widget\" data-e-type=\"widget\" data-settings=\"{&quot;ekit_we_effect_on&quot;:&quot;none&quot;}\" data-widget_type=\"divider.default\">\n\t\t\t\t<div class=\"elementor-widget-container\">\n\t\t\t\t\t\t\t<div class=\"elementor-divider\">\n\t\t\t<span class=\"elementor-divider-separator\">\n\t\t\t\t\t\t<\/span>\n\t\t<\/div>\n\t\t\t\t\t\t<\/div>\n\t\t\t\t<\/div>\n\t\t\t\t<div class=\"elementor-element elementor-element-bc9913d elementor-widget elementor-widget-text-editor\" data-id=\"bc9913d\" data-element_type=\"widget\" data-e-type=\"widget\" data-settings=\"{&quot;ekit_we_effect_on&quot;:&quot;none&quot;}\" data-widget_type=\"text-editor.default\">\n\t\t\t\t<div class=\"elementor-widget-container\">\n\t\t\t\t\t\t\t\t\tTratamiento de las infecciones dentales infantiles El Paso\t\t\t\t\t\t\t\t<\/div>\n\t\t\t\t<\/div>\n\t\t\t\t<div class=\"elementor-element elementor-element-4da7b988 elementor-align-center elementor-widget elementor-widget-breadcrumbs\" data-id=\"4da7b988\" data-element_type=\"widget\" data-e-type=\"widget\" data-settings=\"{&quot;ekit_we_effect_on&quot;:&quot;none&quot;}\" data-widget_type=\"breadcrumbs.default\">\n\t\t\t\t<div class=\"elementor-widget-container\">\n\t\t\t\t\t<span id=\"breadcrumbs\"><span><span><a href=\"https:\/\/www.smilecenterforkids.com\/es\/pagina-de-inicio\/\">Home<\/a><\/span><\/span><\/span>\t\t\t\t<\/div>\n\t\t\t\t<\/div>\n\t\t\t\t\t<\/div>\n\t\t\t\t<\/div>\n\t\t<div class=\"elementor-element elementor-element-8153945 e-flex e-con-boxed e-con e-parent\" data-id=\"8153945\" data-element_type=\"container\" data-e-type=\"container\" data-settings=\"{&quot;ekit_has_onepagescroll_dot&quot;:&quot;yes&quot;}\">\n\t\t\t\t\t<div class=\"e-con-inner\">\n\t\t<div class=\"elementor-element elementor-element-2d376f68 e-con-full e-flex e-con e-child\" data-id=\"2d376f68\" data-element_type=\"container\" data-e-type=\"container\" data-settings=\"{&quot;ekit_has_onepagescroll_dot&quot;:&quot;yes&quot;}\">\n\t\t\t\t<div class=\"elementor-element elementor-element-59ded8 elementor-widget elementor-widget-image\" data-id=\"59ded8\" data-element_type=\"widget\" data-e-type=\"widget\" data-settings=\"{&quot;ekit_we_effect_on&quot;:&quot;none&quot;}\" data-widget_type=\"image.default\">\n\t\t\t\t<div class=\"elementor-widget-container\">\n\t\t\t\t\t\t\t\t\t\t\t\t\t\t\t<img fetchpriority=\"high\" decoding=\"async\" width=\"1024\" height=\"490\" src=\"https:\/\/www.smilecenterforkids.com\/wp-content\/uploads\/2025\/04\/child-tooth-pain.webp\" class=\"attachment-full size-full wp-image-4725\" alt=\"\" srcset=\"https:\/\/www.smilecenterforkids.com\/wp-content\/uploads\/2025\/04\/child-tooth-pain.webp 1024w, https:\/\/www.smilecenterforkids.com\/wp-content\/uploads\/2025\/04\/child-tooth-pain-300x144.webp 300w, https:\/\/www.smilecenterforkids.com\/wp-content\/uploads\/2025\/04\/child-tooth-pain-768x368.webp 768w\" sizes=\"(max-width: 1024px) 100vw, 1024px\" \/>\t\t\t\t\t\t\t\t\t\t\t\t\t\t\t<\/div>\n\t\t\t\t<\/div>\n\t\t\t\t<div class=\"elementor-element elementor-element-6e39015d elementor-widget elementor-widget-text-editor\" data-id=\"6e39015d\" data-element_type=\"widget\" data-e-type=\"widget\" data-settings=\"{&quot;ekit_we_effect_on&quot;:&quot;none&quot;}\" data-widget_type=\"text-editor.default\">\n\t\t\t\t<div class=\"elementor-widget-container\">\n\t\t\t\t\t\t\t\t\tSi a tu hijo le duelen mucho los dientes y la infecci\u00f3n no ha desaparecido tras tomar antibi\u00f3ticos, puede que haya llegado el momento de pensar en hacerle una endodoncia en El Paso. Las endodoncias s\u00f3lo se realizan en dientes adultos, de modo que si tu hijo tiene una infecci\u00f3n en un diente de leche, simplemente se le extraer\u00e1. Con el tratamiento de conductos podemos eliminar la infecci\u00f3n y aliviar el dolor de tu hijo.\t\t\t\t\t\t\t\t<\/div>\n\t\t\t\t<\/div>\n\t\t\t\t<div class=\"elementor-element elementor-element-61534f61 elementor-widget elementor-widget-heading\" data-id=\"61534f61\" data-element_type=\"widget\" data-e-type=\"widget\" data-settings=\"{&quot;ekit_we_effect_on&quot;:&quot;none&quot;}\" data-widget_type=\"heading.default\">\n\t\t\t\t<div class=\"elementor-widget-container\">\n\t\t\t\t\t<h2 class=\"elementor-heading-title elementor-size-default\">\u00bfCu\u00e1les son los s\u00edntomas de un diente infectado?<\/h2>\t\t\t\t<\/div>\n\t\t\t\t<\/div>\n\t\t\t\t<div class=\"elementor-element elementor-element-5317c8e9 elementor-widget elementor-widget-text-editor\" data-id=\"5317c8e9\" data-element_type=\"widget\" data-e-type=\"widget\" data-settings=\"{&quot;ekit_we_effect_on&quot;:&quot;none&quot;}\" data-widget_type=\"text-editor.default\">\n\t\t\t\t<div class=\"elementor-widget-container\">\n\t\t\t\t\t\t\t\t\tCuando la ra\u00edz de un diente se infecta gravemente, provoca un dolor extremo. Notar\u00e1s el dolor cuando muerdas o mastiques. Tambi\u00e9n puedes tener una sensaci\u00f3n dolorosa al beber l\u00edquidos calientes o fr\u00edos, que puede persistir durante un tiempo. Algunos pacientes que necesitan tratamiento endod\u00f3ncico tienen peque\u00f1os granitos en las enc\u00edas cuando acuden a la consulta. Todos estos son signos comunes de un diente con la ra\u00edz infectada.\t\t\t\t\t\t\t\t<\/div>\n\t\t\t\t<\/div>\n\t\t\t\t<div class=\"elementor-element elementor-element-47155cac elementor-widget elementor-widget-heading\" data-id=\"47155cac\" data-element_type=\"widget\" data-e-type=\"widget\" data-settings=\"{&quot;ekit_we_effect_on&quot;:&quot;none&quot;}\" data-widget_type=\"heading.default\">\n\t\t\t\t<div class=\"elementor-widget-container\">\n\t\t\t\t\t<h2 class=\"elementor-heading-title elementor-size-default\">Endodoncia<\/h2>\t\t\t\t<\/div>\n\t\t\t\t<\/div>\n\t\t\t\t<div class=\"elementor-element elementor-element-7e48363e elementor-widget elementor-widget-text-editor\" data-id=\"7e48363e\" data-element_type=\"widget\" data-e-type=\"widget\" data-settings=\"{&quot;ekit_we_effect_on&quot;:&quot;none&quot;}\" data-widget_type=\"text-editor.default\">\n\t\t\t\t<div class=\"elementor-widget-container\">\n\t\t\t\t\t\t\t\t\tDurante el tratamiento del conducto radicular, extraeremos cuidadosamente la pulpa del interior del diente, limpiaremos, desinfectaremos y daremos forma al conducto radicular, y luego colocaremos un empaste para sellar el espacio. Es un procedimiento sencillo que aliviar\u00e1 el dolor dental causado por la infecci\u00f3n. En Smile Center for Kids nuestra prioridad es siempre asegurarnos de que tu hijo se sienta c\u00f3modo antes y durante cualquier procedimiento.\t\t\t\t\t\t\t\t<\/div>\n\t\t\t\t<\/div>\n\t\t\t\t<div class=\"elementor-element elementor-element-590c57fe elementor-widget elementor-widget-heading\" data-id=\"590c57fe\" data-element_type=\"widget\" data-e-type=\"widget\" data-settings=\"{&quot;ekit_we_effect_on&quot;:&quot;none&quot;}\" data-widget_type=\"heading.default\">\n\t\t\t\t<div class=\"elementor-widget-container\">\n\t\t\t\t\t<h2 class=\"elementor-heading-title elementor-size-default\">Endodoncias para ni\u00f1os en El Paso TX<\/h2>\t\t\t\t<\/div>\n\t\t\t\t<\/div>\n\t\t\t\t<div class=\"elementor-element elementor-element-215426e0 elementor-widget elementor-widget-text-editor\" data-id=\"215426e0\" data-element_type=\"widget\" data-e-type=\"widget\" data-settings=\"{&quot;ekit_we_effect_on&quot;:&quot;none&quot;}\" data-widget_type=\"text-editor.default\">\n\t\t\t\t<div class=\"elementor-widget-container\">\n\t\t\t\t\t\t\t\t\tSi tu hijo necesita una endodoncia, llama a Smile Center for Kids a nuestra sede de Sunland: 915-213-1200 o a nuestra sede de Edgemere: 915-493-6310 para obtener m\u00e1s informaci\u00f3n.\t\t\t\t\t\t\t\t<\/div>\n\t\t\t\t<\/div>\n\t\t\t\t<\/div>\n\t\t<aside class=\"elementor-element elementor-element-6f7a4f41 e-con-full e-flex e-con e-child\" data-id=\"6f7a4f41\" data-element_type=\"container\" data-e-type=\"container\" data-settings=\"{&quot;background_background&quot;:&quot;classic&quot;,&quot;ekit_has_onepagescroll_dot&quot;:&quot;yes&quot;}\">\n\t\t\t\t<div class=\"elementor-element elementor-element-7ad92c1a animated-slow elementor-invisible elementor-widget elementor-widget-image\" data-id=\"7ad92c1a\" data-element_type=\"widget\" data-e-type=\"widget\" data-settings=\"{&quot;_animation&quot;:&quot;jello&quot;,&quot;motion_fx_motion_fx_scrolling&quot;:&quot;yes&quot;,&quot;motion_fx_translateY_effect&quot;:&quot;yes&quot;,&quot;motion_fx_translateY_direction&quot;:&quot;negative&quot;,&quot;motion_fx_translateY_affectedRange&quot;:{&quot;unit&quot;:&quot;%&quot;,&quot;size&quot;:&quot;&quot;,&quot;sizes&quot;:{&quot;start&quot;:0,&quot;end&quot;:90}},&quot;motion_fx_devices&quot;:[&quot;desktop&quot;,&quot;laptop&quot;],&quot;ekit_we_effect_on&quot;:&quot;none&quot;,&quot;motion_fx_translateY_speed&quot;:{&quot;unit&quot;:&quot;px&quot;,&quot;size&quot;:4,&quot;sizes&quot;:[]}}\" data-widget_type=\"image.default\">\n\t\t\t\t<div class=\"elementor-widget-container\">\n\t\t\t\t\t\t\t\t\t\t\t\t\t\t\t<img decoding=\"async\" width=\"512\" height=\"512\" src=\"https:\/\/www.smilecenterforkids.com\/wp-content\/uploads\/2025\/04\/cropped-favicon.png\" class=\"attachment-full size-full wp-image-4404\" alt=\"\" srcset=\"https:\/\/www.smilecenterforkids.com\/wp-content\/uploads\/2025\/04\/cropped-favicon.png 512w, https:\/\/www.smilecenterforkids.com\/wp-content\/uploads\/2025\/04\/cropped-favicon-300x300.png 300w, https:\/\/www.smilecenterforkids.com\/wp-content\/uploads\/2025\/04\/cropped-favicon-150x150.png 150w, https:\/\/www.smilecenterforkids.com\/wp-content\/uploads\/2025\/04\/cropped-favicon-270x270.png 270w, https:\/\/www.smilecenterforkids.com\/wp-content\/uploads\/2025\/04\/cropped-favicon-192x192.png 192w, https:\/\/www.smilecenterforkids.com\/wp-content\/uploads\/2025\/04\/cropped-favicon-180x180.png 180w, https:\/\/www.smilecenterforkids.com\/wp-content\/uploads\/2025\/04\/cropped-favicon-32x32.png 32w\" sizes=\"(max-width: 512px) 100vw, 512px\" \/>\t\t\t\t\t\t\t\t\t\t\t\t\t\t\t<\/div>\n\t\t\t\t<\/div>\n\t\t\t\t<div class=\"elementor-element elementor-element-260f24d2 elementor-widget elementor-widget-image\" data-id=\"260f24d2\" data-element_type=\"widget\" data-e-type=\"widget\" data-settings=\"{&quot;ekit_we_effect_on&quot;:&quot;none&quot;}\" data-widget_type=\"image.default\">\n\t\t\t\t<div class=\"elementor-widget-container\">\n\t\t\t\t\t\t\t\t\t\t\t\t\t\t\t<img decoding=\"async\" width=\"1284\" height=\"1027\" src=\"https:\/\/www.smilecenterforkids.com\/wp-content\/uploads\/2025\/04\/pediatric-dentists-dr-robert-and-tiffanie-wilson.webp\" class=\"attachment-full size-full wp-image-4717\" alt=\"Pediatric Dentist Dr. Robert &amp; Dr. Tiffanie Wilson\" srcset=\"https:\/\/www.smilecenterforkids.com\/wp-content\/uploads\/2025\/04\/pediatric-dentists-dr-robert-and-tiffanie-wilson.webp 1284w, https:\/\/www.smilecenterforkids.com\/wp-content\/uploads\/2025\/04\/pediatric-dentists-dr-robert-and-tiffanie-wilson-300x240.webp 300w, https:\/\/www.smilecenterforkids.com\/wp-content\/uploads\/2025\/04\/pediatric-dentists-dr-robert-and-tiffanie-wilson-1024x819.webp 1024w, https:\/\/www.smilecenterforkids.com\/wp-content\/uploads\/2025\/04\/pediatric-dentists-dr-robert-and-tiffanie-wilson-768x614.webp 768w\" sizes=\"(max-width: 1284px) 100vw, 1284px\" \/>\t\t\t\t\t\t\t\t\t\t\t\t\t\t\t<\/div>\n\t\t\t\t<\/div>\n\t\t\t\t<div class=\"elementor-element elementor-element-735fccc5 elementor-widget elementor-widget-heading\" data-id=\"735fccc5\" data-element_type=\"widget\" data-e-type=\"widget\" data-settings=\"{&quot;ekit_we_effect_on&quot;:&quot;none&quot;}\" data-widget_type=\"heading.default\">\n\t\t\t\t<div class=\"elementor-widget-container\">\n\t\t\t\t\t<h3 class=\"elementor-heading-title elementor-size-default\">El Dr. Greg y Tiffanie Wilson te dan la bienvenida a Smile Center for Kids en El Paso, TX<\/h3>\t\t\t\t<\/div>\n\t\t\t\t<\/div>\n\t\t\t\t<div class=\"elementor-element elementor-element-999bba7 elementor-widget elementor-widget-text-editor\" data-id=\"999bba7\" data-element_type=\"widget\" data-e-type=\"widget\" data-settings=\"{&quot;ekit_we_effect_on&quot;:&quot;none&quot;}\" data-widget_type=\"text-editor.default\">\n\t\t\t\t<div class=\"elementor-widget-container\">\n\t\t\t\t\t\t\t\t\t<p>El Dr. Greg Wilson, la Dra. Tiffanie Wilson, la Dra. Amanda Griego, la Dra. Lexi Nguyen y el Dr. Wael Turki te dan la bienvenida al Smile Center For Kids de El Paso, TX. Disponemos de 2 sedes para atender c\u00f3modamente a nuestros pacientes y familiares. Reserva tu cita haciendo clic en uno de los botones de abajo.<\/p>\t\t\t\t\t\t\t\t<\/div>\n\t\t\t\t<\/div>\n\t\t\t\t<div class=\"elementor-element elementor-element-6902064e elementor-widget elementor-widget-heading\" data-id=\"6902064e\" data-element_type=\"widget\" data-e-type=\"widget\" data-settings=\"{&quot;ekit_we_effect_on&quot;:&quot;none&quot;}\" data-widget_type=\"heading.default\">\n\t\t\t\t<div class=\"elementor-widget-container\">\n\t\t\t\t\t<h3 class=\"elementor-heading-title elementor-size-default\">Reserva una cita:<\/h3>\t\t\t\t<\/div>\n\t\t\t\t<\/div>\n\t\t\t\t<div class=\"elementor-element elementor-element-76d2056 animated-slow elementor-invisible elementor-widget elementor-widget-elementskit-creative-button\" data-id=\"76d2056\" data-element_type=\"widget\" data-e-type=\"widget\" data-settings=\"{&quot;_animation&quot;:&quot;jello&quot;,&quot;ekit_we_effect_on&quot;:&quot;none&quot;}\" data-widget_type=\"elementskit-creative-button.default\">\n\t\t\t\t<div class=\"elementor-widget-container\">\n\t\t\t\t\t<div class=\"ekit-wid-con\" >\t\t<div class=\"ekit-btn-wraper\">\n\t\t\t\t\t\t\t\t<a href=\"\/sunland-location\/\" class=\"ekit_creative_button ekit_aylen\" id=\"\" style=\"flex-direction: row;\" data-text=\"\">\n\t\t\t\t\t\t<span class=\"ekit_creative_button_icon_wrapper\">\n\t\t\t\t\t\t<svg aria-hidden=\"true\" class=\"ekit_creative_button_icon_before e-font-icon-svg e-fas-map-marker-alt\" viewBox=\"0 0 384 512\" xmlns=\"http:\/\/www.w3.org\/2000\/svg\"><path d=\"M172.268 501.67C26.97 291.031 0 269.413 0 192 0 85.961 85.961 0 192 0s192 85.961 192 192c0 77.413-26.97 99.031-172.268 309.67-9.535 13.774-29.93 13.773-39.464 0zM192 272c44.183 0 80-35.817 80-80s-35.817-80-80-80-80 35.817-80 80 35.817 80 80 80z\"><\/path><\/svg>\t\t\t\t\t\t<\/span>\n\n\t\t\t\t\t\t<span class=\"ekit_creative_button_text\">Ubicaci\u00f3n en Sunland<\/span>\n\n\t\t\t\t\t\t\t\t\t\t\t<\/a>\n\t\t\t\t\t\t<\/div>\n        <\/div>\t\t\t\t<\/div>\n\t\t\t\t<\/div>\n\t\t\t\t<div class=\"elementor-element elementor-element-7f43d8cb animated-slow elementor-invisible elementor-widget elementor-widget-elementskit-creative-button\" data-id=\"7f43d8cb\" data-element_type=\"widget\" data-e-type=\"widget\" data-settings=\"{&quot;_animation&quot;:&quot;jello&quot;,&quot;_animation_delay&quot;:0.8,&quot;ekit_we_effect_on&quot;:&quot;none&quot;}\" data-widget_type=\"elementskit-creative-button.default\">\n\t\t\t\t<div class=\"elementor-widget-container\">\n\t\t\t\t\t<div class=\"ekit-wid-con\" >\t\t<div class=\"ekit-btn-wraper\">\n\t\t\t\t\t\t\t\t<a href=\"\/edgemere-location\/\" class=\"ekit_creative_button ekit_aylen\" id=\"\" style=\"flex-direction: row;\" data-text=\"\">\n\t\t\t\t\t\t<span class=\"ekit_creative_button_icon_wrapper\">\n\t\t\t\t\t\t<svg aria-hidden=\"true\" class=\"ekit_creative_button_icon_before e-font-icon-svg e-fas-map-marker-alt\" viewBox=\"0 0 384 512\" xmlns=\"http:\/\/www.w3.org\/2000\/svg\"><path d=\"M172.268 501.67C26.97 291.031 0 269.413 0 192 0 85.961 85.961 0 192 0s192 85.961 192 192c0 77.413-26.97 99.031-172.268 309.67-9.535 13.774-29.93 13.773-39.464 0zM192 272c44.183 0 80-35.817 80-80s-35.817-80-80-80-80 35.817-80 80 35.817 80 80 80z\"><\/path><\/svg>\t\t\t\t\t\t<\/span>\n\n\t\t\t\t\t\t<span class=\"ekit_creative_button_text\">Ubicaci\u00f3n de Edgemere<\/span>\n\n\t\t\t\t\t\t\t\t\t\t\t<\/a>\n\t\t\t\t\t\t<\/div>\n        <\/div>\t\t\t\t<\/div>\n\t\t\t\t<\/div>\n\t\t\t\t<\/aside>\n\t\t\t\t\t<\/div>\n\t\t\t\t<\/div>\n\t\t\t\t<\/div>\n\t\t","protected":false},"excerpt":{"rendered":"<p>Endodoncias infantiles Tratamiento de las infecciones dentales infantiles El Paso Si a tu hijo le duelen mucho los dientes y la infecci\u00f3n no ha desaparecido tras tomar antibi\u00f3ticos, puede que haya llegado el momento de pensar en hacerle una endodoncia en El Paso. Las endodoncias s\u00f3lo se realizan en dientes adultos, de modo que si [&hellip;]<\/p>\n","protected":false},"author":1,"featured_media":4951,"parent":4880,"menu_order":0,"comment_status":"closed","ping_status":"closed","template":"","meta":{"footnotes":""},"class_list":["post-4886","page","type-page","status-publish","has-post-thumbnail","hentry"],"yoast_head":"<!-- This site is optimized with the Yoast SEO plugin v27.3 - https:\/\/yoast.com\/product\/yoast-seo-wordpress\/ -->\n<title>Endodoncias Infantiles en El Paso, TX \u2013 Smile Center For Kids<\/title>\n<meta name=\"description\" content=\"Tratamientos de conducto suaves y efectivos para ni\u00f1os en El Paso, TX. Smile Center For Kids protege sonrisas con atenci\u00f3n experta.\" \/>\n<meta name=\"robots\" content=\"index, follow, max-snippet:-1, max-image-preview:large, max-video-preview:-1\" \/>\n<link rel=\"canonical\" href=\"https:\/\/www.smilecenterforkids.com\/es\/servicios-dentales\/endodoncias-infantiles\/\" \/>\n<meta property=\"og:locale\" content=\"es_ES\" \/>\n<meta property=\"og:type\" content=\"article\" \/>\n<meta property=\"og:title\" content=\"Endodoncias Infantiles en El Paso, TX \u2013 Smile Center For Kids\" \/>\n<meta property=\"og:description\" content=\"Tratamientos de conducto suaves y efectivos para ni\u00f1os en El Paso, TX. Smile Center For Kids protege sonrisas con atenci\u00f3n experta.\" \/>\n<meta property=\"og:url\" content=\"https:\/\/www.smilecenterforkids.com\/es\/servicios-dentales\/endodoncias-infantiles\/\" \/>\n<meta property=\"og:site_name\" content=\"Smile Center for Kids\" \/>\n<meta property=\"article:modified_time\" content=\"2025-06-03T19:50:39+00:00\" \/>\n<meta property=\"og:image\" content=\"https:\/\/www.smilecenterforkids.com\/wp-content\/uploads\/2025\/04\/child-tooth-pain.webp\" \/>\n<meta name=\"twitter:card\" content=\"summary_large_image\" \/>\n<meta name=\"twitter:label1\" content=\"Est. reading time\" \/>\n\t<meta name=\"twitter:data1\" content=\"3 minutos\" \/>\n<script type=\"application\/ld+json\" class=\"yoast-schema-graph\">{\"@context\":\"https:\\\/\\\/schema.org\",\"@graph\":[{\"@type\":\"WebPage\",\"@id\":\"https:\\\/\\\/www.smilecenterforkids.com\\\/es\\\/servicios-dentales\\\/endodoncias-infantiles\\\/\",\"url\":\"https:\\\/\\\/www.smilecenterforkids.com\\\/es\\\/servicios-dentales\\\/endodoncias-infantiles\\\/\",\"name\":\"Endodoncias Infantiles en El Paso, TX \u2013 Smile Center For Kids\",\"isPartOf\":{\"@id\":\"https:\\\/\\\/www.smilecenterforkids.com\\\/es\\\/#website\"},\"primaryImageOfPage\":{\"@id\":\"https:\\\/\\\/www.smilecenterforkids.com\\\/es\\\/servicios-dentales\\\/endodoncias-infantiles\\\/#primaryimage\"},\"image\":{\"@id\":\"https:\\\/\\\/www.smilecenterforkids.com\\\/es\\\/servicios-dentales\\\/endodoncias-infantiles\\\/#primaryimage\"},\"thumbnailUrl\":\"https:\\\/\\\/www.smilecenterforkids.com\\\/wp-content\\\/uploads\\\/2025\\\/06\\\/little-girl-needing-root-canal.webp\",\"datePublished\":\"2025-04-01T22:54:25+00:00\",\"dateModified\":\"2025-06-03T19:50:39+00:00\",\"description\":\"Tratamientos de conducto suaves y efectivos para ni\u00f1os en El Paso, TX. Smile Center For Kids protege sonrisas con atenci\u00f3n experta.\",\"breadcrumb\":{\"@id\":\"https:\\\/\\\/www.smilecenterforkids.com\\\/es\\\/servicios-dentales\\\/endodoncias-infantiles\\\/#breadcrumb\"},\"inLanguage\":\"es\",\"potentialAction\":[{\"@type\":\"ReadAction\",\"target\":[\"https:\\\/\\\/www.smilecenterforkids.com\\\/es\\\/servicios-dentales\\\/endodoncias-infantiles\\\/\"]}]},{\"@type\":\"ImageObject\",\"inLanguage\":\"es\",\"@id\":\"https:\\\/\\\/www.smilecenterforkids.com\\\/es\\\/servicios-dentales\\\/endodoncias-infantiles\\\/#primaryimage\",\"url\":\"https:\\\/\\\/www.smilecenterforkids.com\\\/wp-content\\\/uploads\\\/2025\\\/06\\\/little-girl-needing-root-canal.webp\",\"contentUrl\":\"https:\\\/\\\/www.smilecenterforkids.com\\\/wp-content\\\/uploads\\\/2025\\\/06\\\/little-girl-needing-root-canal.webp\",\"width\":500,\"height\":500,\"caption\":\"Little Girl Needing Root Canal\"},{\"@type\":\"BreadcrumbList\",\"@id\":\"https:\\\/\\\/www.smilecenterforkids.com\\\/es\\\/servicios-dentales\\\/endodoncias-infantiles\\\/#breadcrumb\",\"itemListElement\":[{\"@type\":\"ListItem\",\"position\":1,\"name\":\"Home\",\"item\":\"https:\\\/\\\/www.smilecenterforkids.com\\\/es\\\/pagina-de-inicio\\\/\"},{\"@type\":\"ListItem\",\"position\":2,\"name\":\"Servicios dentales\",\"item\":\"https:\\\/\\\/www.smilecenterforkids.com\\\/es\\\/servicios-dentales\\\/\"},{\"@type\":\"ListItem\",\"position\":3,\"name\":\"Endodoncias infantiles\"}]},{\"@type\":\"WebSite\",\"@id\":\"https:\\\/\\\/www.smilecenterforkids.com\\\/es\\\/#website\",\"url\":\"https:\\\/\\\/www.smilecenterforkids.com\\\/es\\\/\",\"name\":\"Dentist\",\"description\":\"Pediatric Dentist in El Paso, TX\",\"inLanguage\":\"es\"}]}<\/script>\n<!-- \/ Yoast SEO plugin. -->","yoast_head_json":{"title":"Endodoncias Infantiles en El Paso, TX \u2013 Smile Center For Kids","description":"Tratamientos de conducto suaves y efectivos para ni\u00f1os en El Paso, TX. Smile Center For Kids protege sonrisas con atenci\u00f3n experta.","robots":{"index":"index","follow":"follow","max-snippet":"max-snippet:-1","max-image-preview":"max-image-preview:large","max-video-preview":"max-video-preview:-1"},"canonical":"https:\/\/www.smilecenterforkids.com\/es\/servicios-dentales\/endodoncias-infantiles\/","og_locale":"es_ES","og_type":"article","og_title":"Endodoncias Infantiles en El Paso, TX \u2013 Smile Center For Kids","og_description":"Tratamientos de conducto suaves y efectivos para ni\u00f1os en El Paso, TX. Smile Center For Kids protege sonrisas con atenci\u00f3n experta.","og_url":"https:\/\/www.smilecenterforkids.com\/es\/servicios-dentales\/endodoncias-infantiles\/","og_site_name":"Smile Center for Kids","article_modified_time":"2025-06-03T19:50:39+00:00","og_image":[{"url":"https:\/\/www.smilecenterforkids.com\/wp-content\/uploads\/2025\/04\/child-tooth-pain.webp","type":"","width":"","height":""}],"twitter_card":"summary_large_image","twitter_misc":{"Est. reading time":"3 minutos"},"schema":{"@context":"https:\/\/schema.org","@graph":[{"@type":"WebPage","@id":"https:\/\/www.smilecenterforkids.com\/es\/servicios-dentales\/endodoncias-infantiles\/","url":"https:\/\/www.smilecenterforkids.com\/es\/servicios-dentales\/endodoncias-infantiles\/","name":"Endodoncias Infantiles en El Paso, TX \u2013 Smile Center For Kids","isPartOf":{"@id":"https:\/\/www.smilecenterforkids.com\/es\/#website"},"primaryImageOfPage":{"@id":"https:\/\/www.smilecenterforkids.com\/es\/servicios-dentales\/endodoncias-infantiles\/#primaryimage"},"image":{"@id":"https:\/\/www.smilecenterforkids.com\/es\/servicios-dentales\/endodoncias-infantiles\/#primaryimage"},"thumbnailUrl":"https:\/\/www.smilecenterforkids.com\/wp-content\/uploads\/2025\/06\/little-girl-needing-root-canal.webp","datePublished":"2025-04-01T22:54:25+00:00","dateModified":"2025-06-03T19:50:39+00:00","description":"Tratamientos de conducto suaves y efectivos para ni\u00f1os en El Paso, TX. Smile Center For Kids protege sonrisas con atenci\u00f3n experta.","breadcrumb":{"@id":"https:\/\/www.smilecenterforkids.com\/es\/servicios-dentales\/endodoncias-infantiles\/#breadcrumb"},"inLanguage":"es","potentialAction":[{"@type":"ReadAction","target":["https:\/\/www.smilecenterforkids.com\/es\/servicios-dentales\/endodoncias-infantiles\/"]}]},{"@type":"ImageObject","inLanguage":"es","@id":"https:\/\/www.smilecenterforkids.com\/es\/servicios-dentales\/endodoncias-infantiles\/#primaryimage","url":"https:\/\/www.smilecenterforkids.com\/wp-content\/uploads\/2025\/06\/little-girl-needing-root-canal.webp","contentUrl":"https:\/\/www.smilecenterforkids.com\/wp-content\/uploads\/2025\/06\/little-girl-needing-root-canal.webp","width":500,"height":500,"caption":"Little Girl Needing Root Canal"},{"@type":"BreadcrumbList","@id":"https:\/\/www.smilecenterforkids.com\/es\/servicios-dentales\/endodoncias-infantiles\/#breadcrumb","itemListElement":[{"@type":"ListItem","position":1,"name":"Home","item":"https:\/\/www.smilecenterforkids.com\/es\/pagina-de-inicio\/"},{"@type":"ListItem","position":2,"name":"Servicios dentales","item":"https:\/\/www.smilecenterforkids.com\/es\/servicios-dentales\/"},{"@type":"ListItem","position":3,"name":"Endodoncias infantiles"}]},{"@type":"WebSite","@id":"https:\/\/www.smilecenterforkids.com\/es\/#website","url":"https:\/\/www.smilecenterforkids.com\/es\/","name":"Dentist","description":"Pediatric Dentist in El Paso, TX","inLanguage":"es"}]}},"_links":{"self":[{"href":"https:\/\/www.smilecenterforkids.com\/es\/wp-json\/wp\/v2\/pages\/4886","targetHints":{"allow":["GET"]}}],"collection":[{"href":"https:\/\/www.smilecenterforkids.com\/es\/wp-json\/wp\/v2\/pages"}],"about":[{"href":"https:\/\/www.smilecenterforkids.com\/es\/wp-json\/wp\/v2\/types\/page"}],"author":[{"embeddable":true,"href":"https:\/\/www.smilecenterforkids.com\/es\/wp-json\/wp\/v2\/users\/1"}],"replies":[{"embeddable":true,"href":"https:\/\/www.smilecenterforkids.com\/es\/wp-json\/wp\/v2\/comments?post=4886"}],"version-history":[{"count":0,"href":"https:\/\/www.smilecenterforkids.com\/es\/wp-json\/wp\/v2\/pages\/4886\/revisions"}],"up":[{"embeddable":true,"href":"https:\/\/www.smilecenterforkids.com\/es\/wp-json\/wp\/v2\/pages\/4880"}],"wp:featuredmedia":[{"embeddable":true,"href":"https:\/\/www.smilecenterforkids.com\/es\/wp-json\/wp\/v2\/media\/4951"}],"wp:attachment":[{"href":"https:\/\/www.smilecenterforkids.com\/es\/wp-json\/wp\/v2\/media?parent=4886"}],"curies":[{"name":"wp","href":"https:\/\/api.w.org\/{rel}","templated":true}]}}