{"id":4871,"date":"2024-10-17T20:34:22","date_gmt":"2024-10-18T03:34:22","guid":{"rendered":"https:\/\/www.smilecenterforkids.com\/politica-de-privacidad\/"},"modified":"2025-06-03T13:02:35","modified_gmt":"2025-06-03T20:02:35","slug":"politica-de-privacidad","status":"publish","type":"page","link":"https:\/\/www.smilecenterforkids.com\/es\/politica-de-privacidad\/","title":{"rendered":"Pol\u00edtica de privacidad"},"content":{"rendered":"\t\t<div data-elementor-type=\"wp-page\" data-elementor-id=\"4871\" class=\"elementor elementor-4871 elementor-3\" data-elementor-post-type=\"page\">\n\t\t\t\t<div class=\"elementor-element elementor-element-768b118f e-flex e-con-boxed e-con e-parent\" data-id=\"768b118f\" data-element_type=\"container\" data-e-type=\"container\" data-settings=\"{&quot;background_background&quot;:&quot;gradient&quot;,&quot;ekit_has_onepagescroll_dot&quot;:&quot;yes&quot;}\">\n\t\t\t\t\t<div class=\"e-con-inner\">\n\t\t\t\t<div class=\"elementor-element elementor-element-71c7f031 elementor-widget elementor-widget-heading\" data-id=\"71c7f031\" data-element_type=\"widget\" data-e-type=\"widget\" data-settings=\"{&quot;ekit_we_effect_on&quot;:&quot;none&quot;}\" data-widget_type=\"heading.default\">\n\t\t\t\t<div class=\"elementor-widget-container\">\n\t\t\t\t\t<h1 class=\"elementor-heading-title elementor-size-default\">Pol\u00edtica de privacidad<\/h1>\t\t\t\t<\/div>\n\t\t\t\t<\/div>\n\t\t\t\t<div class=\"elementor-element elementor-element-4fc12165 elementor-widget-divider--view-line elementor-widget elementor-widget-divider\" data-id=\"4fc12165\" data-element_type=\"widget\" data-e-type=\"widget\" data-settings=\"{&quot;ekit_we_effect_on&quot;:&quot;none&quot;}\" data-widget_type=\"divider.default\">\n\t\t\t\t<div class=\"elementor-widget-container\">\n\t\t\t\t\t\t\t<div class=\"elementor-divider\">\n\t\t\t<span class=\"elementor-divider-separator\">\n\t\t\t\t\t\t<\/span>\n\t\t<\/div>\n\t\t\t\t\t\t<\/div>\n\t\t\t\t<\/div>\n\t\t\t\t<div class=\"elementor-element elementor-element-3709c702 elementor-widget elementor-widget-text-editor\" data-id=\"3709c702\" data-element_type=\"widget\" data-e-type=\"widget\" data-settings=\"{&quot;ekit_we_effect_on&quot;:&quot;none&quot;}\" data-widget_type=\"text-editor.default\">\n\t\t\t\t<div class=\"elementor-widget-container\">\n\t\t\t\t\t\t\t\t\t<p>Pol\u00edtica de privacidad del sitio web de Smile Center for Kids<\/p>\t\t\t\t\t\t\t\t<\/div>\n\t\t\t\t<\/div>\n\t\t\t\t<div class=\"elementor-element elementor-element-2a8d6cda elementor-align-center elementor-widget elementor-widget-breadcrumbs\" data-id=\"2a8d6cda\" data-element_type=\"widget\" data-e-type=\"widget\" data-settings=\"{&quot;ekit_we_effect_on&quot;:&quot;none&quot;}\" data-widget_type=\"breadcrumbs.default\">\n\t\t\t\t<div class=\"elementor-widget-container\">\n\t\t\t\t\t<span id=\"breadcrumbs\"><span><span><a href=\"https:\/\/www.smilecenterforkids.com\/es\/pagina-de-inicio\/\">Home<\/a><\/span><\/span><\/span>\t\t\t\t<\/div>\n\t\t\t\t<\/div>\n\t\t\t\t\t<\/div>\n\t\t\t\t<\/div>\n\t\t<div class=\"elementor-element elementor-element-570d743 e-flex e-con-boxed e-con e-parent\" data-id=\"570d743\" data-element_type=\"container\" data-e-type=\"container\" data-settings=\"{&quot;ekit_has_onepagescroll_dot&quot;:&quot;yes&quot;}\">\n\t\t\t\t\t<div class=\"e-con-inner\">\n\t\t\t\t<div class=\"elementor-element elementor-element-453b743 elementor-widget elementor-widget-text-editor\" data-id=\"453b743\" data-element_type=\"widget\" data-e-type=\"widget\" data-settings=\"{&quot;ekit_we_effect_on&quot;:&quot;none&quot;}\" data-widget_type=\"text-editor.default\">\n\t\t\t\t<div class=\"elementor-widget-container\">\n\t\t\t\t\t\t\t\t\t<h1>Privacidad del usuario del sitio web &#8211; Smile Center for Kids<\/h1><p>La presente Pol\u00edtica de Privacidad regula la forma en que Smile Center for Kids recopila, utiliza, mantiene y divulga la informaci\u00f3n recogida de los usuarios (cada uno de ellos, un \u00abUsuario\u00bb) del sitio web https:\/\/www.smilecenterforkids.com\/ (\u00abSitio\u00bb).<\/p><p><strong>Informaci\u00f3n de identificaci\u00f3n personal<\/strong><\/p><p>Podemos recopilar informaci\u00f3n de identificaci\u00f3n personal de los Usuarios de diversas formas, entre otras, cuando los Usuarios visitan nuestro sitio, rellenan un formulario y en relaci\u00f3n con otras actividades, servicios, funciones o recursos que ponemos a su disposici\u00f3n en nuestro Sitio. Se puede solicitar a los Usuarios, seg\u00fan proceda, su nombre, direcci\u00f3n de correo electr\u00f3nico y n\u00famero de tel\u00e9fono. No obstante, los Usuarios pueden visitar nuestro Sitio de forma an\u00f3nima. S\u00f3lo recopilaremos informaci\u00f3n de identificaci\u00f3n personal de los Usuarios si \u00e9stos nos la facilitan voluntariamente. Los Usuarios siempre pueden negarse a facilitar informaci\u00f3n de identificaci\u00f3n personal, salvo que ello les impida participar en determinadas actividades relacionadas con el Sitio.    <\/p><p><strong>Informaci\u00f3n de identificaci\u00f3n no personal<\/strong><\/p><p>Podemos recoger informaci\u00f3n de identificaci\u00f3n no personal sobre los Usuarios siempre que interact\u00faen con nuestro Sitio. La informaci\u00f3n de identificaci\u00f3n no personal puede incluir el nombre del navegador, el tipo de ordenador e informaci\u00f3n t\u00e9cnica sobre los medios de conexi\u00f3n de los Usuarios a nuestro Sitio, como el sistema operativo y los proveedores de servicios de Internet utilizados y otra informaci\u00f3n similar. <\/p><p><strong>Cookies del navegador web<\/strong><\/p><p>Nuestro Sitio puede utilizar \u00abcookies\u00bb para mejorar la experiencia del Usuario. El navegador web del Usuario coloca cookies en su disco duro con fines de registro y, a veces, para rastrear informaci\u00f3n sobre \u00e9l. El Usuario puede optar por configurar su navegador para que rechace las cookies o para que le avise cuando se env\u00eden cookies. Si lo hace, tenga en cuenta que algunas partes del Sitio pueden no funcionar correctamente.     <strong>ESTAS COOKIES NO TE IDENTIFICAN EN MODO ALGUNO NI DAN ACCESO A TU ORDENADOR.<\/strong>  Podemos utilizar estas cookies en cualquier momento para publicar anuncios relevantes en otros sitios web de terceros a trav\u00e9s de los servicios de Google Ads, Meta remarketing y las plataformas de retargeting AdRoll. Las cookies se utilizan para decir \u00abEsta persona visit\u00f3 esta p\u00e1gina, as\u00ed que mu\u00e9strale anuncios relacionados con esa p\u00e1gina\u00bb. Google Ads, Meta Remarketing y AdRoll re-targeting nos permiten adaptar nuestro marketing para que se ajuste mejor a tus necesidades y mostrarte s\u00f3lo anuncios que sean relevantes para ti.\u00bb  <\/p><p><strong>C\u00f3mo utilizamos la informaci\u00f3n recogida<\/strong><\/p><p>Smile Center for Kids puede recopilar y utilizar la informaci\u00f3n personal de los Usuarios para los siguientes fines:<\/p><ul><li><em>Para hacer funcionar y operar nuestro<\/em> Sitio<br>podemos necesitar tu informaci\u00f3n para mostrar correctamente el contenido del Sitio.<\/li><li><em>Para mejorar el servicio de atenci\u00f3n al cliente<\/em><br>La informaci\u00f3n que nos proporcionas nos ayuda a responder a tus solicitudes de servicio de atenci\u00f3n al cliente y a tus necesidades de asistencia de forma m\u00e1s eficaz.<\/li><li><em>Para llevar a cabo una promoci\u00f3n, concurso, encuesta u otra funci\u00f3n del Sitio<\/em><br>Para enviar a los Usuarios informaci\u00f3n que aceptaron recibir sobre temas que consideramos de su inter\u00e9s.<\/li><li><em>Para enviar correos electr\u00f3nicos peri\u00f3dicos<\/em><br>Podemos utilizar la direcci\u00f3n de correo electr\u00f3nico para responder a sus consultas, preguntas y\/u otras solicitudes.<\/li><\/ul><p><strong>C\u00f3mo protegemos tu informaci\u00f3n<\/strong><\/p><p>Adoptamos pr\u00e1cticas adecuadas de recopilaci\u00f3n, almacenamiento y procesamiento de datos y medidas de seguridad para proteger contra el acceso no autorizado, la alteraci\u00f3n, divulgaci\u00f3n o destrucci\u00f3n de tu informaci\u00f3n personal, nombre de usuario, contrase\u00f1a, informaci\u00f3n de transacciones y datos almacenados en nuestro Sitio.<\/p><p><strong>Compartir tu informaci\u00f3n personal<\/strong><\/p><p>No vendemos, intercambiamos ni alquilamos la informaci\u00f3n de identificaci\u00f3n personal de los Usuarios a terceros. Podemos compartir informaci\u00f3n demogr\u00e1fica agregada gen\u00e9rica no vinculada a ninguna informaci\u00f3n de identificaci\u00f3n personal relativa a los visitantes y usuarios con nuestros socios comerciales, afiliados de confianza y anunciantes para los fines arriba indicados. <\/p><p><strong>Sitios web de terceros<\/strong><\/p><p>Los usuarios pueden encontrar publicidad u otros contenidos en nuestro Sitio que enlazan con los sitios y servicios de nuestros socios, proveedores, anunciantes, patrocinadores, licenciantes y otros terceros. No controlamos el contenido ni los enlaces que aparecen en estos sitios y no somos responsables de las pr\u00e1cticas empleadas por los sitios web enlazados a o desde nuestro Sitio. Adem\u00e1s, estos sitios o servicios, incluidos sus contenidos y enlaces, pueden cambiar constantemente. Estos sitios y servicios pueden tener sus propias pol\u00edticas de privacidad y de atenci\u00f3n al cliente. La navegaci\u00f3n e interacci\u00f3n en cualquier otro sitio web, incluidos los sitios web que tienen un enlace a nuestro Sitio, est\u00e1 sujeta a las propias condiciones y pol\u00edticas de ese sitio web.    <\/p><p><strong>Cambios en esta pol\u00edtica de privacidad<\/strong><\/p><p>Smile Center for Kids tiene la facultad de actualizar esta pol\u00edtica de privacidad en cualquier momento. Cuando lo hagamos, publicaremos una notificaci\u00f3n en la p\u00e1gina principal de nuestro Sitio. Animamos a los Usuarios a que consulten con frecuencia esta p\u00e1gina para comprobar si se ha producido alg\u00fan cambio y as\u00ed mantenerse informados sobre c\u00f3mo ayudamos a proteger la informaci\u00f3n personal que recopilamos. Reconoces y aceptas que es tu responsabilidad revisar esta pol\u00edtica de privacidad peri\u00f3dicamente y enterarte de las modificaciones.   <\/p><p><strong>Tu aceptaci\u00f3n de estas condiciones<\/strong><\/p><p>Al utilizar este Sitio, das a entender que aceptas esta pol\u00edtica. Si no est\u00e1s de acuerdo con esta pol\u00edtica, no utilices nuestro Sitio. Si sigues utilizando el Sitio tras la publicaci\u00f3n de cambios en esta pol\u00edtica, se considerar\u00e1 que aceptas dichos cambios.  <\/p><p><strong>Contactar con nosotros<\/strong><\/p><p>Si tienes alguna pregunta sobre esta Pol\u00edtica de Privacidad, las pr\u00e1cticas de este sitio o tus relaciones con este sitio, ponte en contacto con nosotros.<\/p><p>Este documento se actualiz\u00f3 por \u00faltima vez el 28 de abril de 2025<\/p>\t\t\t\t\t\t\t\t<\/div>\n\t\t\t\t<\/div>\n\t\t\t\t\t<\/div>\n\t\t\t\t<\/div>\n\t\t\t\t<\/div>\n\t\t","protected":false},"excerpt":{"rendered":"<p>Pol\u00edtica de privacidad Pol\u00edtica de privacidad del sitio web de Smile Center for Kids Privacidad del usuario del sitio web &#8211; Smile Center for Kids La presente Pol\u00edtica de Privacidad regula la forma en que Smile Center for Kids recopila, utiliza, mantiene y divulga la informaci\u00f3n recogida de los usuarios (cada uno de ellos, un [&hellip;]<\/p>\n","protected":false},"author":1,"featured_media":0,"parent":0,"menu_order":0,"comment_status":"closed","ping_status":"open","template":"","meta":{"footnotes":""},"class_list":["post-4871","page","type-page","status-publish","hentry"],"yoast_head":"<!-- This site is optimized with the Yoast SEO plugin v27.3 - https:\/\/yoast.com\/product\/yoast-seo-wordpress\/ -->\n<title>Pol\u00edtica de Privacidad \u2013 Smile Center For Kids en El Paso, TX<\/title>\n<meta name=\"description\" content=\"Conoce c\u00f3mo Smile Center For Kids en El Paso, TX protege tu informaci\u00f3n personal a trav\u00e9s de nuestra pol\u00edtica de privacidad.\" \/>\n<meta name=\"robots\" content=\"index, follow, max-snippet:-1, max-image-preview:large, max-video-preview:-1\" \/>\n<link rel=\"canonical\" href=\"https:\/\/www.smilecenterforkids.com\/es\/politica-de-privacidad\/\" \/>\n<meta property=\"og:locale\" content=\"es_ES\" \/>\n<meta property=\"og:type\" content=\"article\" \/>\n<meta property=\"og:title\" content=\"Pol\u00edtica de Privacidad \u2013 Smile Center For Kids en El Paso, TX\" \/>\n<meta property=\"og:description\" content=\"Conoce c\u00f3mo Smile Center For Kids en El Paso, TX protege tu informaci\u00f3n personal a trav\u00e9s de nuestra pol\u00edtica de privacidad.\" \/>\n<meta property=\"og:url\" content=\"https:\/\/www.smilecenterforkids.com\/es\/politica-de-privacidad\/\" \/>\n<meta property=\"og:site_name\" content=\"Smile Center for Kids\" \/>\n<meta property=\"article:modified_time\" content=\"2025-06-03T20:02:35+00:00\" \/>\n<meta name=\"twitter:card\" content=\"summary_large_image\" \/>\n<meta name=\"twitter:label1\" content=\"Est. reading time\" \/>\n\t<meta name=\"twitter:data1\" content=\"5 minutos\" \/>\n<script type=\"application\/ld+json\" class=\"yoast-schema-graph\">{\"@context\":\"https:\\\/\\\/schema.org\",\"@graph\":[{\"@type\":\"WebPage\",\"@id\":\"https:\\\/\\\/www.smilecenterforkids.com\\\/es\\\/politica-de-privacidad\\\/\",\"url\":\"https:\\\/\\\/www.smilecenterforkids.com\\\/es\\\/politica-de-privacidad\\\/\",\"name\":\"Pol\u00edtica de Privacidad \u2013 Smile Center For Kids en El Paso, TX\",\"isPartOf\":{\"@id\":\"https:\\\/\\\/www.smilecenterforkids.com\\\/es\\\/#website\"},\"datePublished\":\"2024-10-18T03:34:22+00:00\",\"dateModified\":\"2025-06-03T20:02:35+00:00\",\"description\":\"Conoce c\u00f3mo Smile Center For Kids en El Paso, TX protege tu informaci\u00f3n personal a trav\u00e9s de nuestra pol\u00edtica de privacidad.\",\"breadcrumb\":{\"@id\":\"https:\\\/\\\/www.smilecenterforkids.com\\\/es\\\/politica-de-privacidad\\\/#breadcrumb\"},\"inLanguage\":\"es\",\"potentialAction\":[{\"@type\":\"ReadAction\",\"target\":[\"https:\\\/\\\/www.smilecenterforkids.com\\\/es\\\/politica-de-privacidad\\\/\"]}]},{\"@type\":\"BreadcrumbList\",\"@id\":\"https:\\\/\\\/www.smilecenterforkids.com\\\/es\\\/politica-de-privacidad\\\/#breadcrumb\",\"itemListElement\":[{\"@type\":\"ListItem\",\"position\":1,\"name\":\"Home\",\"item\":\"https:\\\/\\\/www.smilecenterforkids.com\\\/es\\\/pagina-de-inicio\\\/\"},{\"@type\":\"ListItem\",\"position\":2,\"name\":\"Pol\u00edtica de privacidad\"}]},{\"@type\":\"WebSite\",\"@id\":\"https:\\\/\\\/www.smilecenterforkids.com\\\/es\\\/#website\",\"url\":\"https:\\\/\\\/www.smilecenterforkids.com\\\/es\\\/\",\"name\":\"Dentist\",\"description\":\"Pediatric Dentist in El Paso, TX\",\"inLanguage\":\"es\"}]}<\/script>\n<!-- \/ Yoast SEO plugin. -->","yoast_head_json":{"title":"Pol\u00edtica de Privacidad \u2013 Smile Center For Kids en El Paso, TX","description":"Conoce c\u00f3mo Smile Center For Kids en El Paso, TX protege tu informaci\u00f3n personal a trav\u00e9s de nuestra pol\u00edtica de privacidad.","robots":{"index":"index","follow":"follow","max-snippet":"max-snippet:-1","max-image-preview":"max-image-preview:large","max-video-preview":"max-video-preview:-1"},"canonical":"https:\/\/www.smilecenterforkids.com\/es\/politica-de-privacidad\/","og_locale":"es_ES","og_type":"article","og_title":"Pol\u00edtica de Privacidad \u2013 Smile Center For Kids en El Paso, TX","og_description":"Conoce c\u00f3mo Smile Center For Kids en El Paso, TX protege tu informaci\u00f3n personal a trav\u00e9s de nuestra pol\u00edtica de privacidad.","og_url":"https:\/\/www.smilecenterforkids.com\/es\/politica-de-privacidad\/","og_site_name":"Smile Center for Kids","article_modified_time":"2025-06-03T20:02:35+00:00","twitter_card":"summary_large_image","twitter_misc":{"Est. reading time":"5 minutos"},"schema":{"@context":"https:\/\/schema.org","@graph":[{"@type":"WebPage","@id":"https:\/\/www.smilecenterforkids.com\/es\/politica-de-privacidad\/","url":"https:\/\/www.smilecenterforkids.com\/es\/politica-de-privacidad\/","name":"Pol\u00edtica de Privacidad \u2013 Smile Center For Kids en El Paso, TX","isPartOf":{"@id":"https:\/\/www.smilecenterforkids.com\/es\/#website"},"datePublished":"2024-10-18T03:34:22+00:00","dateModified":"2025-06-03T20:02:35+00:00","description":"Conoce c\u00f3mo Smile Center For Kids en El Paso, TX protege tu informaci\u00f3n personal a trav\u00e9s de nuestra pol\u00edtica de privacidad.","breadcrumb":{"@id":"https:\/\/www.smilecenterforkids.com\/es\/politica-de-privacidad\/#breadcrumb"},"inLanguage":"es","potentialAction":[{"@type":"ReadAction","target":["https:\/\/www.smilecenterforkids.com\/es\/politica-de-privacidad\/"]}]},{"@type":"BreadcrumbList","@id":"https:\/\/www.smilecenterforkids.com\/es\/politica-de-privacidad\/#breadcrumb","itemListElement":[{"@type":"ListItem","position":1,"name":"Home","item":"https:\/\/www.smilecenterforkids.com\/es\/pagina-de-inicio\/"},{"@type":"ListItem","position":2,"name":"Pol\u00edtica de privacidad"}]},{"@type":"WebSite","@id":"https:\/\/www.smilecenterforkids.com\/es\/#website","url":"https:\/\/www.smilecenterforkids.com\/es\/","name":"Dentist","description":"Pediatric Dentist in El Paso, TX","inLanguage":"es"}]}},"_links":{"self":[{"href":"https:\/\/www.smilecenterforkids.com\/es\/wp-json\/wp\/v2\/pages\/4871","targetHints":{"allow":["GET"]}}],"collection":[{"href":"https:\/\/www.smilecenterforkids.com\/es\/wp-json\/wp\/v2\/pages"}],"about":[{"href":"https:\/\/www.smilecenterforkids.com\/es\/wp-json\/wp\/v2\/types\/page"}],"author":[{"embeddable":true,"href":"https:\/\/www.smilecenterforkids.com\/es\/wp-json\/wp\/v2\/users\/1"}],"replies":[{"embeddable":true,"href":"https:\/\/www.smilecenterforkids.com\/es\/wp-json\/wp\/v2\/comments?post=4871"}],"version-history":[{"count":0,"href":"https:\/\/www.smilecenterforkids.com\/es\/wp-json\/wp\/v2\/pages\/4871\/revisions"}],"wp:attachment":[{"href":"https:\/\/www.smilecenterforkids.com\/es\/wp-json\/wp\/v2\/media?parent=4871"}],"curies":[{"name":"wp","href":"https:\/\/api.w.org\/{rel}","templated":true}]}}